{"id":3,"date":"2025-03-20T10:10:19","date_gmt":"2025-03-20T10:10:19","guid":{"rendered":"http:\/\/dante-apartments.do.dev.devhoop.com\/?page_id=3"},"modified":"2025-05-22T08:45:23","modified_gmt":"2025-05-22T08:45:23","slug":"privacy","status":"publish","type":"page","link":"https:\/\/www.darsenaravennaapartments.it\/en\/privacy\/","title":{"rendered":"Privacy Policy"},"content":{"rendered":"<div data-elementor-type=\"wp-page\" data-elementor-id=\"3\" class=\"elementor elementor-3\" data-elementor-post-type=\"page\">\n\t\t\t\t<div class=\"elementor-element elementor-element-92d4614 e-flex e-con-boxed e-con e-parent\" data-id=\"92d4614\" data-element_type=\"container\">\n\t\t\t\t\t<div class=\"e-con-inner\">\n\t\t<div data-dce-background-color=\"#F7F9F9\" class=\"elementor-element elementor-element-396a357 e-con-full e-flex e-con e-child\" data-id=\"396a357\" data-element_type=\"container\" data-settings=\"{&quot;background_background&quot;:&quot;classic&quot;}\">\n\t\t<div class=\"elementor-element elementor-element-f1a004b e-con-full e-flex e-con e-child\" data-id=\"f1a004b\" data-element_type=\"container\">\n\t\t\t\t<div class=\"elementor-element elementor-element-23e319e elementor-widget elementor-widget-heading\" data-id=\"23e319e\" data-element_type=\"widget\" data-widget_type=\"heading.default\">\n\t\t\t\t<div class=\"elementor-widget-container\">\n\t\t\t\t\t<h1 class=\"elementor-heading-title elementor-size-default\">Privacy<\/h1>\t\t\t\t<\/div>\n\t\t\t\t<\/div>\n\t\t\t\t<div class=\"elementor-element elementor-element-ab90658 elementor-widget elementor-widget-text-editor\" data-id=\"ab90658\" data-element_type=\"widget\" data-widget_type=\"text-editor.default\">\n\t\t\t\t<div class=\"elementor-widget-container\">\n\t\t\t\t\t\t\t\t\t<p><strong>Informativa a clienti e fornitori rilasciata da Dante Apartments <\/strong><strong>ai sensi dell\u2019art. 13 D. Lgs. 196\/2003<\/strong><\/p>\t\t\t\t\t\t\t\t<\/div>\n\t\t\t\t<\/div>\n\t\t\t\t<div class=\"elementor-element elementor-element-5b2397a elementor-widget elementor-widget-text-editor\" data-id=\"5b2397a\" data-element_type=\"widget\" data-widget_type=\"text-editor.default\">\n\t\t\t\t<div class=\"elementor-widget-container\">\n\t\t\t\t\t\t\t\t\t<p>Premesso che<br \/>1) per effetto della costituzione del rapporto commerciale e nel corso dello svolgimento dello stesso, la nostra societ\u00e0 si trover\u00e0 a raccogliere e trattare i suoi dati personali;<br \/>2) le specifichiamo sin d\u2019ora per chiarezza, le seguenti definizioni date dal D. Lgs. 196\/2003:<br \/><strong>Trattamento:<\/strong>\u00a0qualunque operazione, effettuata anche senza l\u2019ausilio di strumenti elettronici, concernente la raccolta, la registrazione, l\u2019organizzazione, la conservazione, la consultazione, l\u2019elaborazione, la modificazione, la selezione, l\u2019estrazione, il raffronto, l\u2019utilizzo, l\u2019interconnessione, il blocco, la comunicazione, la diffusione, la cancellazione e la distruzione di dati;<br \/><strong>Dato personale:<\/strong>\u00a0qualunque informazione relativa a persona fisica, persona giuridica, ente o associazione, identificata o identificabile, anche indirettamente, mediante riferimento a qualsiasi altra informazione, ivi compreso un numero di identificazione personale;<\/p><p>tutto ci\u00f2 premesso,\u00a0ai sensi dell\u2019articolo 13 del D. Lgs. 196\/2003 (Codice della Privacy),\u00a0la informiamo\u00a0che la raccolta ed il trattamento dei suoi dati personali sar\u00e0 effettuato dalla societ\u00e0 scrivente in conformit\u00e0 a quanto segue:<\/p><ol><li><strong>finalit\u00e0:<\/strong>\u00a0i dati saranno trattati per il corretto svolgimento degli adempimenti contabili, fiscali, commerciali, tecnici e per tutte le attivit\u00e0 aziendali in genere inerenti al rapporto in essere;<\/li><li><strong>finalit\u00e0 pubblicitaria:\u00a0<\/strong>i dati potranno essere utilizzati, previo suo apposito ed esplicito consenso, anche per l\u2019invio di materiale\/comunicazioni pubblicitarie tramite posta, e-mail, fax, sms e similari; dopo aver espresso il consenso, \u00e8 comunque suo diritto opporsi, in qualunque momento e senza spese, al trattamento dei suoi dati per la presente finalit\u00e0;<\/li><li><strong>modalit\u00e0:<\/strong>\u00a0i dati saranno trattati sia con strumenti\/supporti cartacei che elettronici\/informatici\/ telematici, nel pieno rispetto delle norme di legge, secondo principi di liceit\u00e0 e correttezza ed in modo da tutelare la sua riservatezza;<\/li><li><strong>conferimento facoltativo:<\/strong>\u00a0il conferimento dei dati \u00e8 facoltativo e non obbligatorio;<\/li><li><strong>conseguenze di un eventuale rifiuto:\u00a0<\/strong>il rifiuto a fornire i dati o l\u2019opposizione integrale al loro trattamento, potr\u00e0 comportare comunque l\u2019impossibilit\u00e0 a proseguire ogni rapporto commerciale o di qualsivoglia altra natura con la nostra azienda; il diniego all\u2019utilizzo dei dati per l\u2019invio di materiale\/comunicazioni pubblicitarie, non avr\u00e0 invece alcuna conseguenza sui rapporti intercorrenti presenti o futuri;<\/li><li><strong>soggetti o categorie di soggetti ai quali i dati potranno essere comunicati o diffusi:<\/strong>\u00a0i dati potranno essere comunicati a soggetti esterni all\u2019azienda quali societ\u00e0 controllate\/controllanti e collegate, avvocati, commercialisti, consulenti del lavoro, istituti di credito, societ\u00e0 di recupero crediti, societ\u00e0 di factoring, agenti e rappresentanti, associazioni di categoria, ecc. di cui la nostra societ\u00e0 si avvale. I dati non saranno in nessun caso diffusi;<\/li><li><strong>responsabili ed incaricati aziendali preposti al trattamento:<\/strong>\u00a0i dati saranno trattati esclusivamente dai responsabili ed incaricati aziendali del settore amministrativo e commerciale;<\/li><li><strong>diritti dell\u2019interessato:\u00a0<\/strong>l\u2019interessato gode di tutti i diritti sanciti dall\u2019art. 7 che si allega integralmente in calce alla presente informativa e che ne costituisce parte inscindibile;<\/li><li><strong>titolare:\u00a0<\/strong>titolare del trattamento \u00e8 Dante Apartments<\/li><\/ol><p>La presente informativa potr\u00e0 essere integrata, oralmente o per iscritto, con ulteriori elementi ed indicazioni, per soddisfare al meglio qualunque sua esigenza conoscitiva in materia \u201cPrivacy \u00a0e per assecondare l\u2019evoluzione normativa.<\/p><p><strong>Art. 7 D. Lgs. 196\/2003 (Diritto di accesso ai dati personali ed altri diritti).<\/strong><\/p><p><strong>1.<\/strong> L\u2019interessato ha diritto di ottenere la conferma dell\u2019esistenza o meno di dati personali che lo riguardano, anche se non ancora registrati, e la loro comunicazione in forma intelligibile.<br \/><br \/><strong>2.<\/strong> L\u2019interessato ha diritto di ottenere l\u2019indicazione:\u00a0<br \/>a) dell\u2019origine dei dati personali trattati;\u00a0<br \/>b) delle finalit\u00e0 e modalit\u00e0 del trattamento; <br \/>c) della logica applicata in caso di trattamento effettuato con l\u2019ausilio di strumenti elettronici;<br \/>d) degli estremi identificativi del titolare, dei responsabili e del rappresentante designato ai sensi dell\u2019articolo 5, comma 2; <br \/>e) dei soggetti o delle categorie di soggetti ai quali i dati personali possono essere comunicati o che possono venirne a conoscenza in qualit\u00e0 di rappresentante designato nel territorio dello Stato, di responsabili o incaricati.<\/p><p><strong>3.<\/strong> L\u2019interessato ha diritto di ottenere: <br \/>a) l\u2019aggiornamento, la rettificazione ovvero, quando vi ha interesse, l\u2019integrazione dei dati;\u00a0<br \/>b) la cancellazione, la trasformazione in forma anonima o il blocco dei dati trattati in violazione di legge, compresi quelli di cui non \u00e8 necessaria la conservazione in relazione agli scopi per i quali i dati sono stati raccolti o successivamente trattati;<br \/>c) l\u2019attestazione che le operazioni di cui alle lettere a) e b) sono state portate a conoscenza, anche per quanto riguarda il loro contenuto, di coloro ai quali i dati sono stati comunicati o diffusi, eccettuato il caso in cui tale adempimento si rivela impossibile o comporta un impiego di mezzi manifestamente sproporzionato rispetto al diritto tutelato.<\/p><p><strong>4.<\/strong> L\u2019interessato ha diritto di opporsi, in tutto o in parte:\u00a0a) per motivi legittimi al trattamento dei dati personali che lo riguardano, ancorch\u00e9 pertinenti allo scopo della raccolta;\u00a0b) al trattamento di dati personali che lo riguardano a fini di invio di materiale pubblicitario o di vendita diretta o per il compimento di ricerche di mercato o di comunicazione commerciale.<\/p><p>11\/09\/2013<\/p><p>Il titolare del trattamento<br \/>Dante Apartments<\/p>\t\t\t\t\t\t\t\t<\/div>\n\t\t\t\t<\/div>\n\t\t\t\t<\/div>\n\t\t\t\t<\/div>\n\t\t\t\t\t<\/div>\n\t\t\t\t<\/div>\n\t\t\t\t<\/div>","protected":false},"excerpt":{"rendered":"<p>Privacy Informativa a clienti e fornitori rilasciata da Dante Apartments ai sensi dell\u2019art. 13 D. Lgs. 196\/2003 Premesso che1) per effetto della costituzione del rapporto commerciale e nel corso dello svolgimento dello stesso, la nostra societ\u00e0 si trover\u00e0 a raccogliere e trattare i suoi dati personali;2) le specifichiamo sin d\u2019ora per chiarezza, le seguenti definizioni [&hellip;]<\/p>","protected":false},"author":1,"featured_media":0,"parent":0,"menu_order":0,"comment_status":"closed","ping_status":"open","template":"","meta":{"_acf_changed":false,"site-sidebar-layout":"no-sidebar","site-content-layout":"page-builder","ast-site-content-layout":"","site-content-style":"default","site-sidebar-style":"default","ast-global-header-display":"","ast-banner-title-visibility":"","ast-main-header-display":"","ast-hfb-above-header-display":"","ast-hfb-below-header-display":"","ast-hfb-mobile-header-display":"","site-post-title":"disabled","ast-breadcrumbs-content":"","ast-featured-img":"disabled","footer-sml-layout":"","theme-transparent-header-meta":"","adv-header-id-meta":"","stick-header-meta":"","header-above-stick-meta":"","header-main-stick-meta":"","header-below-stick-meta":"","astra-migrate-meta-layouts":"default","ast-page-background-enabled":"default","ast-page-background-meta":{"desktop":{"background-color":"var(--ast-global-color-4)","background-image":"","background-repeat":"repeat","background-position":"center center","background-size":"auto","background-attachment":"scroll","background-type":"","background-media":"","overlay-type":"","overlay-color":"","overlay-opacity":"","overlay-gradient":""},"tablet":{"background-color":"","background-image":"","background-repeat":"repeat","background-position":"center center","background-size":"auto","background-attachment":"scroll","background-type":"","background-media":"","overlay-type":"","overlay-color":"","overlay-opacity":"","overlay-gradient":""},"mobile":{"background-color":"","background-image":"","background-repeat":"repeat","background-position":"center center","background-size":"auto","background-attachment":"scroll","background-type":"","background-media":"","overlay-type":"","overlay-color":"","overlay-opacity":"","overlay-gradient":""}},"ast-content-background-meta":{"desktop":{"background-color":"var(--ast-global-color-5)","background-image":"","background-repeat":"repeat","background-position":"center center","background-size":"auto","background-attachment":"scroll","background-type":"","background-media":"","overlay-type":"","overlay-color":"","overlay-opacity":"","overlay-gradient":""},"tablet":{"background-color":"var(--ast-global-color-5)","background-image":"","background-repeat":"repeat","background-position":"center center","background-size":"auto","background-attachment":"scroll","background-type":"","background-media":"","overlay-type":"","overlay-color":"","overlay-opacity":"","overlay-gradient":""},"mobile":{"background-color":"var(--ast-global-color-5)","background-image":"","background-repeat":"repeat","background-position":"center center","background-size":"auto","background-attachment":"scroll","background-type":"","background-media":"","overlay-type":"","overlay-color":"","overlay-opacity":"","overlay-gradient":""}},"footnotes":""},"class_list":["post-3","page","type-page","status-publish","hentry"],"acf":[],"yoast_head":"<!-- This site is optimized with the Yoast SEO plugin v25.2 - https:\/\/yoast.com\/wordpress\/plugins\/seo\/ -->\n<title>Privacy Policy - Darsena Ravenna &amp; Dante Ravenna Apartments<\/title>\n<meta name=\"robots\" content=\"index, follow, max-snippet:-1, max-image-preview:large, max-video-preview:-1\" \/>\n<link rel=\"canonical\" href=\"https:\/\/www.darsenaravennaapartments.it\/en\/privacy\/\" \/>\n<meta property=\"og:locale\" content=\"en_US\" \/>\n<meta property=\"og:type\" content=\"article\" \/>\n<meta property=\"og:title\" content=\"Privacy Policy - Darsena Ravenna &amp; Dante Ravenna Apartments\" \/>\n<meta property=\"og:description\" content=\"Privacy Informativa a clienti e fornitori rilasciata da Dante Apartments ai sensi dell\u2019art. 13 D. Lgs. 196\/2003 Premesso che1) per effetto della costituzione del rapporto commerciale e nel corso dello svolgimento dello stesso, la nostra societ\u00e0 si trover\u00e0 a raccogliere e trattare i suoi dati personali;2) le specifichiamo sin d\u2019ora per chiarezza, le seguenti definizioni [&hellip;]\" \/>\n<meta property=\"og:url\" content=\"https:\/\/www.darsenaravennaapartments.it\/en\/privacy\/\" \/>\n<meta property=\"og:site_name\" content=\"Darsena Ravenna &amp; Dante Ravenna Apartments\" \/>\n<meta property=\"article:modified_time\" content=\"2025-05-22T08:45:23+00:00\" \/>\n<meta name=\"twitter:card\" content=\"summary_large_image\" \/>\n<meta name=\"twitter:label1\" content=\"Est. reading time\" \/>\n\t<meta name=\"twitter:data1\" content=\"4 minutes\" \/>\n<script type=\"application\/ld+json\" class=\"yoast-schema-graph\">{\"@context\":\"https:\/\/schema.org\",\"@graph\":[{\"@type\":\"WebPage\",\"@id\":\"https:\/\/www.darsenaravennaapartments.it\/privacy\/\",\"url\":\"https:\/\/www.darsenaravennaapartments.it\/privacy\/\",\"name\":\"Privacy Policy - Darsena Ravenna &amp; Dante Ravenna Apartments\",\"isPartOf\":{\"@id\":\"https:\/\/www.darsenaravennaapartments.it\/#website\"},\"datePublished\":\"2025-03-20T10:10:19+00:00\",\"dateModified\":\"2025-05-22T08:45:23+00:00\",\"breadcrumb\":{\"@id\":\"https:\/\/www.darsenaravennaapartments.it\/privacy\/#breadcrumb\"},\"inLanguage\":\"en-US\",\"potentialAction\":[{\"@type\":\"ReadAction\",\"target\":[\"https:\/\/www.darsenaravennaapartments.it\/privacy\/\"]}]},{\"@type\":\"BreadcrumbList\",\"@id\":\"https:\/\/www.darsenaravennaapartments.it\/privacy\/#breadcrumb\",\"itemListElement\":[{\"@type\":\"ListItem\",\"position\":1,\"name\":\"Home\",\"item\":\"https:\/\/www.darsenaravennaapartments.it\/\"},{\"@type\":\"ListItem\",\"position\":2,\"name\":\"Privacy Policy\"}]},{\"@type\":\"WebSite\",\"@id\":\"https:\/\/www.darsenaravennaapartments.it\/#website\",\"url\":\"https:\/\/www.darsenaravennaapartments.it\/\",\"name\":\"Darsena Ravenna &amp; Dante Ravenna Apartments\",\"description\":\"\",\"potentialAction\":[{\"@type\":\"SearchAction\",\"target\":{\"@type\":\"EntryPoint\",\"urlTemplate\":\"https:\/\/www.darsenaravennaapartments.it\/?s={search_term_string}\"},\"query-input\":{\"@type\":\"PropertyValueSpecification\",\"valueRequired\":true,\"valueName\":\"search_term_string\"}}],\"inLanguage\":\"en-US\"}]}<\/script>\n<!-- \/ Yoast SEO plugin. -->","yoast_head_json":{"title":"Privacy Policy - Darsena Ravenna &amp; Dante Ravenna Apartments","robots":{"index":"index","follow":"follow","max-snippet":"max-snippet:-1","max-image-preview":"max-image-preview:large","max-video-preview":"max-video-preview:-1"},"canonical":"https:\/\/www.darsenaravennaapartments.it\/en\/privacy\/","og_locale":"en_US","og_type":"article","og_title":"Privacy Policy - Darsena Ravenna &amp; Dante Ravenna Apartments","og_description":"Privacy Informativa a clienti e fornitori rilasciata da Dante Apartments ai sensi dell\u2019art. 13 D. Lgs. 196\/2003 Premesso che1) per effetto della costituzione del rapporto commerciale e nel corso dello svolgimento dello stesso, la nostra societ\u00e0 si trover\u00e0 a raccogliere e trattare i suoi dati personali;2) le specifichiamo sin d\u2019ora per chiarezza, le seguenti definizioni [&hellip;]","og_url":"https:\/\/www.darsenaravennaapartments.it\/en\/privacy\/","og_site_name":"Darsena Ravenna &amp; Dante Ravenna Apartments","article_modified_time":"2025-05-22T08:45:23+00:00","twitter_card":"summary_large_image","twitter_misc":{"Est. reading time":"4 minutes"},"schema":{"@context":"https:\/\/schema.org","@graph":[{"@type":"WebPage","@id":"https:\/\/www.darsenaravennaapartments.it\/privacy\/","url":"https:\/\/www.darsenaravennaapartments.it\/privacy\/","name":"Privacy Policy - Darsena Ravenna &amp; Dante Ravenna Apartments","isPartOf":{"@id":"https:\/\/www.darsenaravennaapartments.it\/#website"},"datePublished":"2025-03-20T10:10:19+00:00","dateModified":"2025-05-22T08:45:23+00:00","breadcrumb":{"@id":"https:\/\/www.darsenaravennaapartments.it\/privacy\/#breadcrumb"},"inLanguage":"en-US","potentialAction":[{"@type":"ReadAction","target":["https:\/\/www.darsenaravennaapartments.it\/privacy\/"]}]},{"@type":"BreadcrumbList","@id":"https:\/\/www.darsenaravennaapartments.it\/privacy\/#breadcrumb","itemListElement":[{"@type":"ListItem","position":1,"name":"Home","item":"https:\/\/www.darsenaravennaapartments.it\/"},{"@type":"ListItem","position":2,"name":"Privacy Policy"}]},{"@type":"WebSite","@id":"https:\/\/www.darsenaravennaapartments.it\/#website","url":"https:\/\/www.darsenaravennaapartments.it\/","name":"Darsena Ravenna &amp; Dante Ravenna Apartments","description":"","potentialAction":[{"@type":"SearchAction","target":{"@type":"EntryPoint","urlTemplate":"https:\/\/www.darsenaravennaapartments.it\/?s={search_term_string}"},"query-input":{"@type":"PropertyValueSpecification","valueRequired":true,"valueName":"search_term_string"}}],"inLanguage":"en-US"}]}},"_links":{"self":[{"href":"https:\/\/www.darsenaravennaapartments.it\/en\/wp-json\/wp\/v2\/pages\/3","targetHints":{"allow":["GET"]}}],"collection":[{"href":"https:\/\/www.darsenaravennaapartments.it\/en\/wp-json\/wp\/v2\/pages"}],"about":[{"href":"https:\/\/www.darsenaravennaapartments.it\/en\/wp-json\/wp\/v2\/types\/page"}],"author":[{"embeddable":true,"href":"https:\/\/www.darsenaravennaapartments.it\/en\/wp-json\/wp\/v2\/users\/1"}],"replies":[{"embeddable":true,"href":"https:\/\/www.darsenaravennaapartments.it\/en\/wp-json\/wp\/v2\/comments?post=3"}],"version-history":[{"count":7,"href":"https:\/\/www.darsenaravennaapartments.it\/en\/wp-json\/wp\/v2\/pages\/3\/revisions"}],"predecessor-version":[{"id":725,"href":"https:\/\/www.darsenaravennaapartments.it\/en\/wp-json\/wp\/v2\/pages\/3\/revisions\/725"}],"wp:attachment":[{"href":"https:\/\/www.darsenaravennaapartments.it\/en\/wp-json\/wp\/v2\/media?parent=3"}],"curies":[{"name":"wp","href":"https:\/\/api.w.org\/{rel}","templated":true}]}}